{"id":1046,"date":"2022-03-03T04:59:35","date_gmt":"2022-03-03T09:59:35","guid":{"rendered":"https:\/\/www.puttingedge.com\/terms-condition\/"},"modified":"2025-02-12T11:12:00","modified_gmt":"2025-02-12T16:12:00","slug":"terms-condition","status":"publish","type":"page","link":"https:\/\/www.puttingedge.com\/fr\/terms-conditions\/","title":{"rendered":"Terms &#038; Conditions"},"content":{"rendered":"<h2>A few things to note<\/h2>\n<h6>(Excluding the Province of Quebec)<\/h6>\n<ul>\n<li>For groups of less than 10 guests, refunds may be processed provided a minimum of 1 hour&rsquo;s notice is given prior to the reservation time. For groups of 10 or more guests, a minimum of 24 hours\u2019 notice is required. With less notice, groups will not be eligible for a refund, however we will\u00a0be happy to reschedule the reservation. After the reservation time has passed, groups will not be\u00a0eligible to reschedule or for a refund.<\/li>\n<li>If groups have less guests than they paid for, we may refund the difference provided a minimum of 1 hour&rsquo;s notice is given prior to the reservation time. With less notice, guests will not be eligible\u00a0for a refund, however we will transfer the balance to a gift card.<\/li>\n<li>To cancel or make changes to a\u00a0reservation, please call or email the store you booked at directly.<\/li>\n<\/ul>\n<h6>(Province of Quebec)<\/h6>\n<ul>\n<li>All online sales are final.<\/li>\n<\/ul>\n<p>&nbsp;<\/p>\n<h2>Quelques points <b>\u00e1<\/b> noter<\/h2>\n<h6>(<span lang=\"fr\">excluant la province de Qu\u00e9bec<\/span>)<\/h6>\n<ul>\n<li>Pour les groupes de moins de 10 personnes, les remboursements peuvent \u00eatre effectu\u00e9s \u00e0 condition qu&rsquo;un pr\u00e9avis d&rsquo;au moins 1 heure soit donn\u00e9 avant l&rsquo;heure de la r\u00e9servation. Pour les groupes de 10 personnes ou plus, un pr\u00e9avis minimum de 24 heures est n\u00e9cessaire. Si le pr\u00e9avis est plus court, les groupes n&rsquo;auront pas droit \u00e0 un remboursement, mais nous nous ferons un plaisir de reporter la r\u00e9servation. Une fois l&rsquo;heure de la r\u00e9servation pass\u00e9e, les groupes ne pourront plus \u00eatre report\u00e9s ni rembours\u00e9s.<\/li>\n<li>Si les groupes ont moins d&rsquo;invit\u00e9s que ce qu&rsquo;ils ont pay\u00e9, nous pouvons rembourser la diff\u00e9rence \u00e0 condition qu&rsquo;un pr\u00e9avis d&rsquo;au moins une heure soit donn\u00e9 avant l&rsquo;heure de la r\u00e9servation. Si le pr\u00e9avis est plus court, les invit\u00e9s n&rsquo;auront pas droit \u00e0 un remboursement, mais nous transf\u00e9rerons le solde sur une carte-cadeau.<\/li>\n<li>Pour annuler ou modifier une r\u00e9servation, veuillez appeler ou envoyer un courriel directement au magasin o\u00f9 vous avez effectu\u00e9 votre r\u00e9servation.<\/li>\n<\/ul>\n<h6>(Province de Qu\u00e9bec)<\/h6>\n<ul>\n<li>Toutes les ventes en ligne sont finales.<\/li>\n<\/ul>\n","protected":false},"excerpt":{"rendered":"<p>A few things to note (Excluding the Province of Quebec) For groups of less than 10 guests, refunds may be processed provided a minimum of 1 hour&rsquo;s notice is given prior to the reservation time. For groups of 10 or more guests, a minimum of 24 hours\u2019 notice is required. With less notice, groups will [&hellip;]<\/p>\n","protected":false},"author":1,"featured_media":964,"parent":0,"menu_order":0,"comment_status":"closed","ping_status":"closed","template":"templates\/privacy.php","meta":{"_acf_changed":false,"footnotes":""},"class_list":["post-1046","page","type-page","status-publish","has-post-thumbnail","hentry"],"acf":[],"yoast_head":"<!-- This site is optimized with the Yoast SEO plugin v27.0 - https:\/\/yoast.com\/product\/yoast-seo-wordpress\/ -->\n<title>Terms And Conditions - Putting Edge<\/title>\n<meta name=\"description\" content=\"Putting Edge is an experiencet that\u2019s Far From the Ordinary. It&#039;s too hard to put into words! Whether you&#039;re looking for a date night, familh time or just haning with friends our glow-in-the-dark experience puts a new and exciting twist on the traditional game of mini golf. Weather Guraanteed!\" \/>\n<meta name=\"robots\" content=\"index, follow, max-snippet:-1, max-image-preview:large, max-video-preview:-1\" \/>\n<link rel=\"canonical\" href=\"https:\/\/www.puttingedge.com\/fr\/terms-conditions\/\" \/>\n<meta property=\"og:locale\" content=\"fr_FR\" \/>\n<meta property=\"og:type\" content=\"article\" \/>\n<meta property=\"og:title\" content=\"Terms And Conditions - Putting Edge\" \/>\n<meta property=\"og:description\" content=\"Putting Edge is an experiencet that\u2019s Far From the Ordinary. It&#039;s too hard to put into words! Whether you&#039;re looking for a date night, familh time or just haning with friends our glow-in-the-dark experience puts a new and exciting twist on the traditional game of mini golf. Weather Guraanteed!\" \/>\n<meta property=\"og:url\" content=\"https:\/\/www.puttingedge.com\/fr\/terms-conditions\/\" \/>\n<meta property=\"og:site_name\" content=\"Putting Edge\" \/>\n<meta property=\"article:modified_time\" content=\"2025-02-12T16:12:00+00:00\" \/>\n<meta property=\"og:image\" content=\"https:\/\/www.puttingedge.com\/wp-content\/uploads\/2022\/01\/reservation-banner.jpg\" \/>\n\t<meta property=\"og:image:width\" content=\"1920\" \/>\n\t<meta property=\"og:image:height\" content=\"573\" \/>\n\t<meta property=\"og:image:type\" content=\"image\/jpeg\" \/>\n<meta name=\"twitter:card\" content=\"summary_large_image\" \/>\n<meta name=\"twitter:label1\" content=\"Dur\u00e9e de lecture estim\u00e9e\" \/>\n\t<meta name=\"twitter:data1\" content=\"2 minutes\" \/>\n<script type=\"application\/ld+json\" class=\"yoast-schema-graph\">{\"@context\":\"https:\/\/schema.org\",\"@graph\":[{\"@type\":\"WebPage\",\"@id\":\"https:\/\/www.puttingedge.com\/fr\/terms-conditions\/\",\"url\":\"https:\/\/www.puttingedge.com\/fr\/terms-conditions\/\",\"name\":\"Terms And Conditions - Putting Edge\",\"isPartOf\":{\"@id\":\"https:\/\/www.puttingedge.com\/#website\"},\"primaryImageOfPage\":{\"@id\":\"https:\/\/www.puttingedge.com\/fr\/terms-conditions\/#primaryimage\"},\"image\":{\"@id\":\"https:\/\/www.puttingedge.com\/fr\/terms-conditions\/#primaryimage\"},\"thumbnailUrl\":\"https:\/\/www.puttingedge.com\/wp-content\/uploads\/2022\/01\/reservation-banner.jpg\",\"datePublished\":\"2022-03-03T09:59:35+00:00\",\"dateModified\":\"2025-02-12T16:12:00+00:00\",\"description\":\"Putting Edge is an experiencet that\u2019s Far From the Ordinary. It's too hard to put into words! Whether you're looking for a date night, familh time or just haning with friends our glow-in-the-dark experience puts a new and exciting twist on the traditional game of mini golf. Weather Guraanteed!\",\"breadcrumb\":{\"@id\":\"https:\/\/www.puttingedge.com\/fr\/terms-conditions\/#breadcrumb\"},\"inLanguage\":\"fr-FR\",\"potentialAction\":[{\"@type\":\"ReadAction\",\"target\":[\"https:\/\/www.puttingedge.com\/fr\/terms-conditions\/\"]}]},{\"@type\":\"ImageObject\",\"inLanguage\":\"fr-FR\",\"@id\":\"https:\/\/www.puttingedge.com\/fr\/terms-conditions\/#primaryimage\",\"url\":\"https:\/\/www.puttingedge.com\/wp-content\/uploads\/2022\/01\/reservation-banner.jpg\",\"contentUrl\":\"https:\/\/www.puttingedge.com\/wp-content\/uploads\/2022\/01\/reservation-banner.jpg\",\"width\":1920,\"height\":573},{\"@type\":\"BreadcrumbList\",\"@id\":\"https:\/\/www.puttingedge.com\/fr\/terms-conditions\/#breadcrumb\",\"itemListElement\":[{\"@type\":\"ListItem\",\"position\":1,\"name\":\"Home\",\"item\":\"https:\/\/www.puttingedge.com\/fr\/\"},{\"@type\":\"ListItem\",\"position\":2,\"name\":\"Terms &#038; Conditions\"}]},{\"@type\":\"WebSite\",\"@id\":\"https:\/\/www.puttingedge.com\/#website\",\"url\":\"https:\/\/www.puttingedge.com\/\",\"name\":\"Putting Edge\",\"description\":\"An Experience Like No Other!\",\"publisher\":{\"@id\":\"https:\/\/www.puttingedge.com\/#organization\"},\"potentialAction\":[{\"@type\":\"SearchAction\",\"target\":{\"@type\":\"EntryPoint\",\"urlTemplate\":\"https:\/\/www.puttingedge.com\/?s={search_term_string}\"},\"query-input\":{\"@type\":\"PropertyValueSpecification\",\"valueRequired\":true,\"valueName\":\"search_term_string\"}}],\"inLanguage\":\"fr-FR\"},{\"@type\":\"Organization\",\"@id\":\"https:\/\/www.puttingedge.com\/#organization\",\"name\":\"Putting Edge\",\"url\":\"https:\/\/www.puttingedge.com\/\",\"logo\":{\"@type\":\"ImageObject\",\"inLanguage\":\"fr-FR\",\"@id\":\"https:\/\/www.puttingedge.com\/#\/schema\/logo\/image\/\",\"url\":\"https:\/\/www.puttingedge.com\/wp-content\/uploads\/2021\/12\/logo.png\",\"contentUrl\":\"https:\/\/www.puttingedge.com\/wp-content\/uploads\/2021\/12\/logo.png\",\"width\":205,\"height\":143,\"caption\":\"Putting Edge\"},\"image\":{\"@id\":\"https:\/\/www.puttingedge.com\/#\/schema\/logo\/image\/\"}}]}<\/script>\n<!-- \/ Yoast SEO plugin. -->","yoast_head_json":{"title":"Terms And Conditions - Putting Edge","description":"Putting Edge is an experiencet that\u2019s Far From the Ordinary. It's too hard to put into words! Whether you're looking for a date night, familh time or just haning with friends our glow-in-the-dark experience puts a new and exciting twist on the traditional game of mini golf. Weather Guraanteed!","robots":{"index":"index","follow":"follow","max-snippet":"max-snippet:-1","max-image-preview":"max-image-preview:large","max-video-preview":"max-video-preview:-1"},"canonical":"https:\/\/www.puttingedge.com\/fr\/terms-conditions\/","og_locale":"fr_FR","og_type":"article","og_title":"Terms And Conditions - Putting Edge","og_description":"Putting Edge is an experiencet that\u2019s Far From the Ordinary. It's too hard to put into words! Whether you're looking for a date night, familh time or just haning with friends our glow-in-the-dark experience puts a new and exciting twist on the traditional game of mini golf. Weather Guraanteed!","og_url":"https:\/\/www.puttingedge.com\/fr\/terms-conditions\/","og_site_name":"Putting Edge","article_modified_time":"2025-02-12T16:12:00+00:00","og_image":[{"width":1920,"height":573,"url":"https:\/\/www.puttingedge.com\/wp-content\/uploads\/2022\/01\/reservation-banner.jpg","type":"image\/jpeg"}],"twitter_card":"summary_large_image","twitter_misc":{"Dur\u00e9e de lecture estim\u00e9e":"2 minutes"},"schema":{"@context":"https:\/\/schema.org","@graph":[{"@type":"WebPage","@id":"https:\/\/www.puttingedge.com\/fr\/terms-conditions\/","url":"https:\/\/www.puttingedge.com\/fr\/terms-conditions\/","name":"Terms And Conditions - Putting Edge","isPartOf":{"@id":"https:\/\/www.puttingedge.com\/#website"},"primaryImageOfPage":{"@id":"https:\/\/www.puttingedge.com\/fr\/terms-conditions\/#primaryimage"},"image":{"@id":"https:\/\/www.puttingedge.com\/fr\/terms-conditions\/#primaryimage"},"thumbnailUrl":"https:\/\/www.puttingedge.com\/wp-content\/uploads\/2022\/01\/reservation-banner.jpg","datePublished":"2022-03-03T09:59:35+00:00","dateModified":"2025-02-12T16:12:00+00:00","description":"Putting Edge is an experiencet that\u2019s Far From the Ordinary. It's too hard to put into words! Whether you're looking for a date night, familh time or just haning with friends our glow-in-the-dark experience puts a new and exciting twist on the traditional game of mini golf. Weather Guraanteed!","breadcrumb":{"@id":"https:\/\/www.puttingedge.com\/fr\/terms-conditions\/#breadcrumb"},"inLanguage":"fr-FR","potentialAction":[{"@type":"ReadAction","target":["https:\/\/www.puttingedge.com\/fr\/terms-conditions\/"]}]},{"@type":"ImageObject","inLanguage":"fr-FR","@id":"https:\/\/www.puttingedge.com\/fr\/terms-conditions\/#primaryimage","url":"https:\/\/www.puttingedge.com\/wp-content\/uploads\/2022\/01\/reservation-banner.jpg","contentUrl":"https:\/\/www.puttingedge.com\/wp-content\/uploads\/2022\/01\/reservation-banner.jpg","width":1920,"height":573},{"@type":"BreadcrumbList","@id":"https:\/\/www.puttingedge.com\/fr\/terms-conditions\/#breadcrumb","itemListElement":[{"@type":"ListItem","position":1,"name":"Home","item":"https:\/\/www.puttingedge.com\/fr\/"},{"@type":"ListItem","position":2,"name":"Terms &#038; Conditions"}]},{"@type":"WebSite","@id":"https:\/\/www.puttingedge.com\/#website","url":"https:\/\/www.puttingedge.com\/","name":"Putting Edge","description":"An Experience Like No Other!","publisher":{"@id":"https:\/\/www.puttingedge.com\/#organization"},"potentialAction":[{"@type":"SearchAction","target":{"@type":"EntryPoint","urlTemplate":"https:\/\/www.puttingedge.com\/?s={search_term_string}"},"query-input":{"@type":"PropertyValueSpecification","valueRequired":true,"valueName":"search_term_string"}}],"inLanguage":"fr-FR"},{"@type":"Organization","@id":"https:\/\/www.puttingedge.com\/#organization","name":"Putting Edge","url":"https:\/\/www.puttingedge.com\/","logo":{"@type":"ImageObject","inLanguage":"fr-FR","@id":"https:\/\/www.puttingedge.com\/#\/schema\/logo\/image\/","url":"https:\/\/www.puttingedge.com\/wp-content\/uploads\/2021\/12\/logo.png","contentUrl":"https:\/\/www.puttingedge.com\/wp-content\/uploads\/2021\/12\/logo.png","width":205,"height":143,"caption":"Putting Edge"},"image":{"@id":"https:\/\/www.puttingedge.com\/#\/schema\/logo\/image\/"}}]}},"_links":{"self":[{"href":"https:\/\/www.puttingedge.com\/fr\/wp-json\/wp\/v2\/pages\/1046","targetHints":{"allow":["GET"]}}],"collection":[{"href":"https:\/\/www.puttingedge.com\/fr\/wp-json\/wp\/v2\/pages"}],"about":[{"href":"https:\/\/www.puttingedge.com\/fr\/wp-json\/wp\/v2\/types\/page"}],"author":[{"embeddable":true,"href":"https:\/\/www.puttingedge.com\/fr\/wp-json\/wp\/v2\/users\/1"}],"replies":[{"embeddable":true,"href":"https:\/\/www.puttingedge.com\/fr\/wp-json\/wp\/v2\/comments?post=1046"}],"version-history":[{"count":0,"href":"https:\/\/www.puttingedge.com\/fr\/wp-json\/wp\/v2\/pages\/1046\/revisions"}],"wp:featuredmedia":[{"embeddable":true,"href":"https:\/\/www.puttingedge.com\/fr\/wp-json\/wp\/v2\/media\/964"}],"wp:attachment":[{"href":"https:\/\/www.puttingedge.com\/fr\/wp-json\/wp\/v2\/media?parent=1046"}],"curies":[{"name":"wp","href":"https:\/\/api.w.org\/{rel}","templated":true}]}}